{"id":115,"date":"2025-03-15T13:08:19","date_gmt":"2025-03-15T13:08:19","guid":{"rendered":"https:\/\/unifim.com\/?page_id=115"},"modified":"2025-03-15T13:15:31","modified_gmt":"2025-03-15T13:15:31","slug":"quality-commitment","status":"publish","type":"page","link":"https:\/\/unifim.com\/fr\/quality-commitment\/","title":{"rendered":"Engagement de qualit\u00e9"},"content":{"rendered":"<div data-elementor-type=\"wp-page\" data-elementor-id=\"115\" class=\"elementor elementor-115\" data-elementor-settings=\"{&quot;element_pack_global_tooltip_width&quot;:{&quot;unit&quot;:&quot;px&quot;,&quot;size&quot;:&quot;&quot;,&quot;sizes&quot;:[]},&quot;element_pack_global_tooltip_width_tablet&quot;:{&quot;unit&quot;:&quot;px&quot;,&quot;size&quot;:&quot;&quot;,&quot;sizes&quot;:[]},&quot;element_pack_global_tooltip_width_mobile&quot;:{&quot;unit&quot;:&quot;px&quot;,&quot;size&quot;:&quot;&quot;,&quot;sizes&quot;:[]},&quot;element_pack_global_tooltip_padding&quot;:{&quot;unit&quot;:&quot;px&quot;,&quot;top&quot;:&quot;&quot;,&quot;right&quot;:&quot;&quot;,&quot;bottom&quot;:&quot;&quot;,&quot;left&quot;:&quot;&quot;,&quot;isLinked&quot;:true},&quot;element_pack_global_tooltip_padding_tablet&quot;:{&quot;unit&quot;:&quot;px&quot;,&quot;top&quot;:&quot;&quot;,&quot;right&quot;:&quot;&quot;,&quot;bottom&quot;:&quot;&quot;,&quot;left&quot;:&quot;&quot;,&quot;isLinked&quot;:true},&quot;element_pack_global_tooltip_padding_mobile&quot;:{&quot;unit&quot;:&quot;px&quot;,&quot;top&quot;:&quot;&quot;,&quot;right&quot;:&quot;&quot;,&quot;bottom&quot;:&quot;&quot;,&quot;left&quot;:&quot;&quot;,&quot;isLinked&quot;:true},&quot;element_pack_global_tooltip_border_radius&quot;:{&quot;unit&quot;:&quot;px&quot;,&quot;top&quot;:&quot;&quot;,&quot;right&quot;:&quot;&quot;,&quot;bottom&quot;:&quot;&quot;,&quot;left&quot;:&quot;&quot;,&quot;isLinked&quot;:true},&quot;element_pack_global_tooltip_border_radius_tablet&quot;:{&quot;unit&quot;:&quot;px&quot;,&quot;top&quot;:&quot;&quot;,&quot;right&quot;:&quot;&quot;,&quot;bottom&quot;:&quot;&quot;,&quot;left&quot;:&quot;&quot;,&quot;isLinked&quot;:true},&quot;element_pack_global_tooltip_border_radius_mobile&quot;:{&quot;unit&quot;:&quot;px&quot;,&quot;top&quot;:&quot;&quot;,&quot;right&quot;:&quot;&quot;,&quot;bottom&quot;:&quot;&quot;,&quot;left&quot;:&quot;&quot;,&quot;isLinked&quot;:true}}\" data-elementor-post-type=\"page\">\n\t\t\t\t\t\t<div class=\"elementor-section elementor-top-section elementor-element elementor-element-10dd03c elementor-section-boxed elementor-section-height-default elementor-section-height-default\" data-id=\"10dd03c\" data-element_type=\"section\" data-e-type=\"section\" data-settings=\"{&quot;background_background&quot;:&quot;classic&quot;}\">\n\t\t\t\t\t\t<div class=\"elementor-container elementor-column-gap-default\">\n\t\t\t\t\t<div class=\"elementor-column elementor-col-50 elementor-top-column elementor-element elementor-element-57df0b0\" data-id=\"57df0b0\" data-element_type=\"column\" data-e-type=\"column\">\n\t\t\t<div class=\"elementor-widget-wrap elementor-element-populated\">\n\t\t\t\t\t\t<div class=\"elementor-element elementor-element-978617a elementor-invisible elementor-widget elementor-widget-heading\" data-id=\"978617a\" data-element_type=\"widget\" data-e-type=\"widget\" data-settings=\"{&quot;_animation&quot;:&quot;fadeInUp&quot;,&quot;_animation_delay&quot;:&quot;120&quot;}\" data-widget_type=\"heading.default\">\n\t\t\t\t<div class=\"elementor-widget-container\">\n\t\t\t\t\t<h2 class=\"elementor-heading-title elementor-size-default\">Engagement de qualit\u00e9<\/h2>\t\t\t\t<\/div>\n\t\t\t\t<\/div>\n\t\t\t\t<div class=\"elementor-element elementor-element-b603d8e elementor-widget__width-initial elementor-widget-mobile__width-inherit elementor-widget-tablet__width-initial elementor-invisible elementor-widget elementor-widget-text-editor\" data-id=\"b603d8e\" data-element_type=\"widget\" data-e-type=\"widget\" data-settings=\"{&quot;_animation&quot;:&quot;fadeInUp&quot;,&quot;_animation_delay&quot;:&quot;200&quot;}\" data-widget_type=\"text-editor.default\">\n\t\t\t\t<div class=\"elementor-widget-container\">\n\t\t\t\t\t\t\t\t\t<p>Chez Dk Pack Amb Paz San, nous nous engageons \u00e0 produire des assiettes en papier de marque priv\u00e9e de haute qualit\u00e9, durables et innovantes qui r\u00e9pondent aux r\u00e9glementations les plus strictes de l'Union europ\u00e9enne. L'importance que nous accordons \u00e0 l'excellence de la fabrication, \u00e0 la responsabilit\u00e9 environnementale et \u00e0 l'approvisionnement \u00e9thique nous permet de fournir \u00e0 nos partenaires des solutions de vaisselle jetable de qualit\u00e9 sup\u00e9rieure qui r\u00e9pondent aux exigences en constante \u00e9volution des consommateurs soucieux de l'environnement.<\/p>\t\t\t\t\t\t\t\t<\/div>\n\t\t\t\t<\/div>\n\t\t\t\t<div class=\"elementor-element elementor-element-7e0e94b elementor-mobile-align-center elementor-invisible elementor-widget elementor-widget-button\" data-id=\"7e0e94b\" data-element_type=\"widget\" data-e-type=\"widget\" data-settings=\"{&quot;_animation&quot;:&quot;fadeInUp&quot;,&quot;_animation_delay&quot;:&quot;240&quot;}\" data-widget_type=\"button.default\">\n\t\t\t\t<div class=\"elementor-widget-container\">\n\t\t\t\t\t\t\t\t\t<div class=\"elementor-button-wrapper\">\n\t\t\t\t\t<a class=\"elementor-button elementor-button-link elementor-size-sm\" href=\"\/fr\/products\/\">\n\t\t\t\t\t\t<span class=\"elementor-button-content-wrapper\">\n\t\t\t\t\t\t\t\t\t<span class=\"elementor-button-text\">Produits<\/span>\n\t\t\t\t\t<\/span>\n\t\t\t\t\t<\/a>\n\t\t\t\t<\/div>\n\t\t\t\t\t\t\t\t<\/div>\n\t\t\t\t<\/div>\n\t\t\t\t\t<\/div>\n\t\t<\/div>\n\t\t\t\t<div class=\"elementor-column elementor-col-50 elementor-top-column elementor-element elementor-element-5a75072\" data-id=\"5a75072\" data-element_type=\"column\" data-e-type=\"column\">\n\t\t\t<div class=\"elementor-widget-wrap elementor-element-populated\">\n\t\t\t\t\t\t<div class=\"elementor-element elementor-element-631856a elementor-widget elementor-widget-heading\" data-id=\"631856a\" data-element_type=\"widget\" data-e-type=\"widget\" data-widget_type=\"heading.default\">\n\t\t\t\t<div class=\"elementor-widget-container\">\n\t\t\t\t\t<h4 class=\"elementor-heading-title elementor-size-default\">Pour maintenir nos normes de qualit\u00e9, nous appliquons les principes suivants :<\/h4>\t\t\t\t<\/div>\n\t\t\t\t<\/div>\n\t\t\t\t<div class=\"elementor-element elementor-element-a0c3690 ui-e-connector-line-yes ui-e-icon-left ui-e-left elementor-align-left elementor-invisible elementor-widget elementor-widget-uicore-icon-list\" data-id=\"a0c3690\" data-element_type=\"widget\" data-e-type=\"widget\" data-settings=\"{&quot;_animation&quot;:&quot;fadeInUp&quot;,&quot;_animation_delay&quot;:&quot;400&quot;}\" data-widget_type=\"uicore-icon-list.default\">\n\t\t\t\t<div class=\"elementor-widget-container\">\n\t\t\t\t\t        <ul>\n                            <li >\n\n                    <div class=\"ui-e-wrap\">\n                    \n                    \n                    <div class=\"ui-e-content\">\n                        <h3 class=\"ui-e-title\">\n                            Approvisionnement durable et responsable                        <\/h3>\n                        <p class=\"ui-e-text\"> Nous privil\u00e9gions les mati\u00e8res premi\u00e8res certifi\u00e9es FSC, ce qui garantit que nos assiettes en carton sont fabriqu\u00e9es \u00e0 partir de for\u00eats g\u00e9r\u00e9es de mani\u00e8re responsable qui favorisent la biodiversit\u00e9 et la protection de l'environnement. <\/p>\n                    <\/div>\n\n                                            <div class=\"ui-e-icon\">\n                            <svg aria-hidden=\"true\" class=\"e-font-icon-svg e-fas-circle\" viewbox=\"0 0 512 512\" xmlns=\"http:\/\/www.w3.org\/2000\/svg\"><path d=\"M256 8C119 8 8 119 8 256s111 248 248 248 248-111 248-248S393 8 256 8z\"><\/path><\/svg>                        <\/div>\n                    \n                    <\/div>\n                <\/li>\n                            <li >\n\n                    <div class=\"ui-e-wrap\">\n                    \n                    \n                    <div class=\"ui-e-content\">\n                        <h3 class=\"ui-e-title\">\n                            Conformit\u00e9 \u00e9thique et sociale                        <\/h3>\n                        <p class=\"ui-e-text\"> Dans le cadre de notre engagement en faveur de pratiques de travail \u00e9quitables et de notre responsabilit\u00e9 d'entreprise, nous adh\u00e9rons aux normes Sedex (Supplier Ethical Data Exchange). Ces normes garantissent un approvisionnement \u00e9thique, des conditions de travail \u00e9quitables et la transparence de notre cha\u00eene d'approvisionnement. <\/p>\n                    <\/div>\n\n                                            <div class=\"ui-e-icon\">\n                            <svg aria-hidden=\"true\" class=\"e-font-icon-svg e-fas-circle\" viewbox=\"0 0 512 512\" xmlns=\"http:\/\/www.w3.org\/2000\/svg\"><path d=\"M256 8C119 8 8 119 8 256s111 248 248 248 248-111 248-248S393 8 256 8z\"><\/path><\/svg>                        <\/div>\n                    \n                    <\/div>\n                <\/li>\n                            <li >\n\n                    <div class=\"ui-e-wrap\">\n                    \n                    \n                    <div class=\"ui-e-content\">\n                        <h3 class=\"ui-e-title\">\n                            Conformit\u00e9 r\u00e9glementaire et s\u00e9curit\u00e9                        <\/h3>\n                        <p class=\"ui-e-text\"> Nos produits sont fabriqu\u00e9s conform\u00e9ment aux r\u00e9glementations europ\u00e9ennes strictes en mati\u00e8re de s\u00e9curit\u00e9 alimentaire et d'environnement, ce qui garantit que chaque assiette en carton que nous produisons est s\u00fbre, durable et respectueuse de l'environnement. <\/p>\n                    <\/div>\n\n                                            <div class=\"ui-e-icon\">\n                            <svg aria-hidden=\"true\" class=\"e-font-icon-svg e-fas-circle\" viewbox=\"0 0 512 512\" xmlns=\"http:\/\/www.w3.org\/2000\/svg\"><path d=\"M256 8C119 8 8 119 8 256s111 248 248 248 248-111 248-248S393 8 256 8z\"><\/path><\/svg>                        <\/div>\n                    \n                    <\/div>\n                <\/li>\n                            <li >\n\n                    <div class=\"ui-e-wrap\">\n                    \n                    \n                    <div class=\"ui-e-content\">\n                        <h3 class=\"ui-e-title\">\n                            Innovation et am\u00e9lioration continue                        <\/h3>\n                        <p class=\"ui-e-text\"> Nous investissons continuellement dans des techniques de fabrication avanc\u00e9es et des processus de production durables, ce qui nous permet de cr\u00e9er des assiettes en carton de haute qualit\u00e9, fonctionnelles et esth\u00e9tiques, qui r\u00e9pondent aux divers besoins du march\u00e9. <\/p>\n                    <\/div>\n\n                                            <div class=\"ui-e-icon\">\n                            <svg aria-hidden=\"true\" class=\"e-font-icon-svg e-fas-circle\" viewbox=\"0 0 512 512\" xmlns=\"http:\/\/www.w3.org\/2000\/svg\"><path d=\"M256 8C119 8 8 119 8 256s111 248 248 248 248-111 248-248S393 8 256 8z\"><\/path><\/svg>                        <\/div>\n                    \n                    <\/div>\n                <\/li>\n                            <li >\n\n                    <div class=\"ui-e-wrap\">\n                    \n                    \n                    <div class=\"ui-e-content\">\n                        <h3 class=\"ui-e-title\">\n                             Satisfaction du client et fiabilit\u00e9                        <\/h3>\n                        <p class=\"ui-e-text\"> Nous sommes d\u00e9termin\u00e9s \u00e0 \u00eatre le premier partenaire pour la vaisselle jetable de marque priv\u00e9e en offrant des solutions personnalis\u00e9es qui renforcent l'identit\u00e9 de la marque tout en promouvant la durabilit\u00e9. <\/p>\n                    <\/div>\n\n                                            <div class=\"ui-e-icon\">\n                            <svg aria-hidden=\"true\" class=\"e-font-icon-svg e-fas-circle\" viewbox=\"0 0 512 512\" xmlns=\"http:\/\/www.w3.org\/2000\/svg\"><path d=\"M256 8C119 8 8 119 8 256s111 248 248 248 248-111 248-248S393 8 256 8z\"><\/path><\/svg>                        <\/div>\n                    \n                    <\/div>\n                <\/li>\n                    <\/ul>\n\t\t\t\t<\/div>\n\t\t\t\t<\/div>\n\t\t\t\t<div class=\"elementor-element elementor-element-8274ff3 elementor-widget elementor-widget-text-editor\" data-id=\"8274ff3\" data-element_type=\"widget\" data-e-type=\"widget\" data-widget_type=\"text-editor.default\">\n\t\t\t\t<div class=\"elementor-widget-container\">\n\t\t\t\t\t\t\t\t\t<p>En adh\u00e9rant \u00e0 ces engagements de qualit\u00e9, Dk Pack Amb Paz San continue d'\u00e9tablir de nouvelles normes dans l'industrie de la fabrication d'assiettes en papier, en assurant un \u00e9quilibre parfait entre la fonctionnalit\u00e9, la durabilit\u00e9 et la production \u00e9thique.<\/p>\t\t\t\t\t\t\t\t<\/div>\n\t\t\t\t<\/div>\n\t\t\t\t\t<\/div>\n\t\t<\/div>\n\t\t\t\t\t<\/div>\n\t\t<\/div>\n\t\t\t\t<\/div>","protected":false},"excerpt":{"rendered":"<p>Quality Commitment At Dk Pack Amb Paz San, we are committed to producing high-quality, sustainable, and innovative private-label paper plates that meet [&hellip;]<\/p>\n","protected":false},"author":1,"featured_media":0,"parent":0,"menu_order":0,"comment_status":"closed","ping_status":"closed","template":"","meta":{"footnotes":""},"class_list":["post-115","page","type-page","status-publish","hentry"],"yoast_head":"<!-- This site is optimized with the Yoast SEO Premium plugin v24.9 (Yoast SEO v27.4) - https:\/\/yoast.com\/product\/yoast-seo-premium-wordpress\/ -->\n<title>Quality Commitment<\/title>\n<meta name=\"robots\" content=\"index, follow, max-snippet:-1, max-image-preview:large, max-video-preview:-1\" \/>\n<link rel=\"canonical\" href=\"https:\/\/www.unifim.com\/quality-commitment\/\" \/>\n<meta property=\"og:locale\" content=\"fr_FR\" \/>\n<meta property=\"og:type\" content=\"article\" \/>\n<meta property=\"og:title\" content=\"Quality Commitment\" \/>\n<meta property=\"og:description\" content=\"Quality Commitment At Dk Pack Amb Paz San, we are committed to producing high-quality, sustainable, and innovative private-label paper plates that meet [&hellip;]\" \/>\n<meta property=\"og:url\" content=\"https:\/\/www.unifim.com\/quality-commitment\/\" \/>\n<meta property=\"og:site_name\" content=\"Unifim\" \/>\n<meta property=\"article:modified_time\" content=\"2025-03-15T13:15:31+00:00\" \/>\n<meta name=\"twitter:card\" content=\"summary_large_image\" \/>\n<meta name=\"twitter:label1\" content=\"Dur\u00e9e de lecture estim\u00e9e\" \/>\n\t<meta name=\"twitter:data1\" content=\"1 minute\" \/>\n<script type=\"application\/ld+json\" class=\"yoast-schema-graph\">{\"@context\":\"https:\\\/\\\/schema.org\",\"@graph\":[{\"@type\":\"WebPage\",\"@id\":\"https:\\\/\\\/www.unifim.com\\\/quality-commitment\\\/\",\"url\":\"https:\\\/\\\/www.unifim.com\\\/quality-commitment\\\/\",\"name\":\"Quality Commitment\",\"isPartOf\":{\"@id\":\"https:\\\/\\\/www.unifim.com\\\/da\\\/#website\"},\"datePublished\":\"2025-03-15T13:08:19+00:00\",\"dateModified\":\"2025-03-15T13:15:31+00:00\",\"breadcrumb\":{\"@id\":\"https:\\\/\\\/www.unifim.com\\\/quality-commitment\\\/#breadcrumb\"},\"inLanguage\":\"fr-FR\",\"potentialAction\":[{\"@type\":\"ReadAction\",\"target\":[\"https:\\\/\\\/www.unifim.com\\\/quality-commitment\\\/\"]}]},{\"@type\":\"BreadcrumbList\",\"@id\":\"https:\\\/\\\/www.unifim.com\\\/quality-commitment\\\/#breadcrumb\",\"itemListElement\":[{\"@type\":\"ListItem\",\"position\":1,\"name\":\"Home\",\"item\":\"https:\\\/\\\/www.unifim.com\\\/da\\\/\"},{\"@type\":\"ListItem\",\"position\":2,\"name\":\"Quality Commitment\"}]},{\"@type\":\"WebSite\",\"@id\":\"https:\\\/\\\/www.unifim.com\\\/da\\\/#website\",\"url\":\"https:\\\/\\\/www.unifim.com\\\/da\\\/\",\"name\":\"Unifim\",\"description\":\"\",\"publisher\":{\"@id\":\"https:\\\/\\\/www.unifim.com\\\/da\\\/#organization\"},\"potentialAction\":[{\"@type\":\"SearchAction\",\"target\":{\"@type\":\"EntryPoint\",\"urlTemplate\":\"https:\\\/\\\/www.unifim.com\\\/da\\\/?s={search_term_string}\"},\"query-input\":{\"@type\":\"PropertyValueSpecification\",\"valueRequired\":true,\"valueName\":\"search_term_string\"}}],\"inLanguage\":\"fr-FR\"},{\"@type\":\"Organization\",\"@id\":\"https:\\\/\\\/www.unifim.com\\\/da\\\/#organization\",\"name\":\"Unifim\",\"url\":\"https:\\\/\\\/www.unifim.com\\\/da\\\/\",\"logo\":{\"@type\":\"ImageObject\",\"inLanguage\":\"fr-FR\",\"@id\":\"https:\\\/\\\/www.unifim.com\\\/da\\\/#\\\/schema\\\/logo\\\/image\\\/\",\"url\":\"https:\\\/\\\/unifim.com\\\/wp-content\\\/uploads\\\/2025\\\/03\\\/logo-19-scaled.webp\",\"contentUrl\":\"https:\\\/\\\/unifim.com\\\/wp-content\\\/uploads\\\/2025\\\/03\\\/logo-19-scaled.webp\",\"width\":2560,\"height\":634,\"caption\":\"Unifim\"},\"image\":{\"@id\":\"https:\\\/\\\/www.unifim.com\\\/da\\\/#\\\/schema\\\/logo\\\/image\\\/\"}}]}<\/script>\n<!-- \/ Yoast SEO Premium plugin. -->","yoast_head_json":{"title":"Engagement de qualit\u00e9","robots":{"index":"index","follow":"follow","max-snippet":"max-snippet:-1","max-image-preview":"max-image-preview:large","max-video-preview":"max-video-preview:-1"},"canonical":"https:\/\/www.unifim.com\/quality-commitment\/","og_locale":"fr_FR","og_type":"article","og_title":"Quality Commitment","og_description":"Quality Commitment At Dk Pack Amb Paz San, we are committed to producing high-quality, sustainable, and innovative private-label paper plates that meet [&hellip;]","og_url":"https:\/\/www.unifim.com\/quality-commitment\/","og_site_name":"Unifim","article_modified_time":"2025-03-15T13:15:31+00:00","twitter_card":"summary_large_image","twitter_misc":{"Dur\u00e9e de lecture estim\u00e9e":"1 minute"},"schema":{"@context":"https:\/\/schema.org","@graph":[{"@type":"WebPage","@id":"https:\/\/www.unifim.com\/quality-commitment\/","url":"https:\/\/www.unifim.com\/quality-commitment\/","name":"Engagement de qualit\u00e9","isPartOf":{"@id":"https:\/\/www.unifim.com\/da\/#website"},"datePublished":"2025-03-15T13:08:19+00:00","dateModified":"2025-03-15T13:15:31+00:00","breadcrumb":{"@id":"https:\/\/www.unifim.com\/quality-commitment\/#breadcrumb"},"inLanguage":"fr-FR","potentialAction":[{"@type":"ReadAction","target":["https:\/\/www.unifim.com\/quality-commitment\/"]}]},{"@type":"BreadcrumbList","@id":"https:\/\/www.unifim.com\/quality-commitment\/#breadcrumb","itemListElement":[{"@type":"ListItem","position":1,"name":"Home","item":"https:\/\/www.unifim.com\/da\/"},{"@type":"ListItem","position":2,"name":"Quality Commitment"}]},{"@type":"WebSite","@id":"https:\/\/www.unifim.com\/da\/#website","url":"https:\/\/www.unifim.com\/da\/","name":"Unifim","description":"","publisher":{"@id":"https:\/\/www.unifim.com\/da\/#organization"},"potentialAction":[{"@type":"SearchAction","target":{"@type":"EntryPoint","urlTemplate":"https:\/\/www.unifim.com\/da\/?s={search_term_string}"},"query-input":{"@type":"PropertyValueSpecification","valueRequired":true,"valueName":"search_term_string"}}],"inLanguage":"fr-FR"},{"@type":"Organization","@id":"https:\/\/www.unifim.com\/da\/#organization","name":"Unifim","url":"https:\/\/www.unifim.com\/da\/","logo":{"@type":"ImageObject","inLanguage":"fr-FR","@id":"https:\/\/www.unifim.com\/da\/#\/schema\/logo\/image\/","url":"https:\/\/unifim.com\/wp-content\/uploads\/2025\/03\/logo-19-scaled.webp","contentUrl":"https:\/\/unifim.com\/wp-content\/uploads\/2025\/03\/logo-19-scaled.webp","width":2560,"height":634,"caption":"Unifim"},"image":{"@id":"https:\/\/www.unifim.com\/da\/#\/schema\/logo\/image\/"}}]}},"_links":{"self":[{"href":"https:\/\/unifim.com\/fr\/wp-json\/wp\/v2\/pages\/115","targetHints":{"allow":["GET"]}}],"collection":[{"href":"https:\/\/unifim.com\/fr\/wp-json\/wp\/v2\/pages"}],"about":[{"href":"https:\/\/unifim.com\/fr\/wp-json\/wp\/v2\/types\/page"}],"author":[{"embeddable":true,"href":"https:\/\/unifim.com\/fr\/wp-json\/wp\/v2\/users\/1"}],"replies":[{"embeddable":true,"href":"https:\/\/unifim.com\/fr\/wp-json\/wp\/v2\/comments?post=115"}],"version-history":[{"count":4,"href":"https:\/\/unifim.com\/fr\/wp-json\/wp\/v2\/pages\/115\/revisions"}],"predecessor-version":[{"id":120,"href":"https:\/\/unifim.com\/fr\/wp-json\/wp\/v2\/pages\/115\/revisions\/120"}],"wp:attachment":[{"href":"https:\/\/unifim.com\/fr\/wp-json\/wp\/v2\/media?parent=115"}],"curies":[{"name":"wp","href":"https:\/\/api.w.org\/{rel}","templated":true}]}}