{"id":115,"date":"2025-03-15T13:08:19","date_gmt":"2025-03-15T13:08:19","guid":{"rendered":"https:\/\/unifim.com\/?page_id=115"},"modified":"2025-03-15T13:15:31","modified_gmt":"2025-03-15T13:15:31","slug":"quality-commitment","status":"publish","type":"page","link":"https:\/\/unifim.com\/de\/quality-commitment\/","title":{"rendered":"Qualit\u00e4tsverpflichtung"},"content":{"rendered":"<div data-elementor-type=\"wp-page\" data-elementor-id=\"115\" class=\"elementor elementor-115\" data-elementor-settings=\"{&quot;element_pack_global_tooltip_width&quot;:{&quot;unit&quot;:&quot;px&quot;,&quot;size&quot;:&quot;&quot;,&quot;sizes&quot;:[]},&quot;element_pack_global_tooltip_width_tablet&quot;:{&quot;unit&quot;:&quot;px&quot;,&quot;size&quot;:&quot;&quot;,&quot;sizes&quot;:[]},&quot;element_pack_global_tooltip_width_mobile&quot;:{&quot;unit&quot;:&quot;px&quot;,&quot;size&quot;:&quot;&quot;,&quot;sizes&quot;:[]},&quot;element_pack_global_tooltip_padding&quot;:{&quot;unit&quot;:&quot;px&quot;,&quot;top&quot;:&quot;&quot;,&quot;right&quot;:&quot;&quot;,&quot;bottom&quot;:&quot;&quot;,&quot;left&quot;:&quot;&quot;,&quot;isLinked&quot;:true},&quot;element_pack_global_tooltip_padding_tablet&quot;:{&quot;unit&quot;:&quot;px&quot;,&quot;top&quot;:&quot;&quot;,&quot;right&quot;:&quot;&quot;,&quot;bottom&quot;:&quot;&quot;,&quot;left&quot;:&quot;&quot;,&quot;isLinked&quot;:true},&quot;element_pack_global_tooltip_padding_mobile&quot;:{&quot;unit&quot;:&quot;px&quot;,&quot;top&quot;:&quot;&quot;,&quot;right&quot;:&quot;&quot;,&quot;bottom&quot;:&quot;&quot;,&quot;left&quot;:&quot;&quot;,&quot;isLinked&quot;:true},&quot;element_pack_global_tooltip_border_radius&quot;:{&quot;unit&quot;:&quot;px&quot;,&quot;top&quot;:&quot;&quot;,&quot;right&quot;:&quot;&quot;,&quot;bottom&quot;:&quot;&quot;,&quot;left&quot;:&quot;&quot;,&quot;isLinked&quot;:true},&quot;element_pack_global_tooltip_border_radius_tablet&quot;:{&quot;unit&quot;:&quot;px&quot;,&quot;top&quot;:&quot;&quot;,&quot;right&quot;:&quot;&quot;,&quot;bottom&quot;:&quot;&quot;,&quot;left&quot;:&quot;&quot;,&quot;isLinked&quot;:true},&quot;element_pack_global_tooltip_border_radius_mobile&quot;:{&quot;unit&quot;:&quot;px&quot;,&quot;top&quot;:&quot;&quot;,&quot;right&quot;:&quot;&quot;,&quot;bottom&quot;:&quot;&quot;,&quot;left&quot;:&quot;&quot;,&quot;isLinked&quot;:true}}\" data-elementor-post-type=\"page\">\n\t\t\t\t\t\t<div class=\"elementor-section elementor-top-section elementor-element elementor-element-10dd03c elementor-section-boxed elementor-section-height-default elementor-section-height-default\" data-id=\"10dd03c\" data-element_type=\"section\" data-e-type=\"section\" data-settings=\"{&quot;background_background&quot;:&quot;classic&quot;}\">\n\t\t\t\t\t\t<div class=\"elementor-container elementor-column-gap-default\">\n\t\t\t\t\t<div class=\"elementor-column elementor-col-50 elementor-top-column elementor-element elementor-element-57df0b0\" data-id=\"57df0b0\" data-element_type=\"column\" data-e-type=\"column\">\n\t\t\t<div class=\"elementor-widget-wrap elementor-element-populated\">\n\t\t\t\t\t\t<div class=\"elementor-element elementor-element-978617a elementor-invisible elementor-widget elementor-widget-heading\" data-id=\"978617a\" data-element_type=\"widget\" data-e-type=\"widget\" data-settings=\"{&quot;_animation&quot;:&quot;fadeInUp&quot;,&quot;_animation_delay&quot;:&quot;120&quot;}\" data-widget_type=\"heading.default\">\n\t\t\t\t<div class=\"elementor-widget-container\">\n\t\t\t\t\t<h2 class=\"elementor-heading-title elementor-size-default\">Qualit\u00e4tsverpflichtung<\/h2>\t\t\t\t<\/div>\n\t\t\t\t<\/div>\n\t\t\t\t<div class=\"elementor-element elementor-element-b603d8e elementor-widget__width-initial elementor-widget-mobile__width-inherit elementor-widget-tablet__width-initial elementor-invisible elementor-widget elementor-widget-text-editor\" data-id=\"b603d8e\" data-element_type=\"widget\" data-e-type=\"widget\" data-settings=\"{&quot;_animation&quot;:&quot;fadeInUp&quot;,&quot;_animation_delay&quot;:&quot;200&quot;}\" data-widget_type=\"text-editor.default\">\n\t\t\t\t<div class=\"elementor-widget-container\">\n\t\t\t\t\t\t\t\t\t<p>Wir von Dk Pack Amb Paz San haben uns der Herstellung hochwertiger, nachhaltiger und innovativer Pappteller f\u00fcr den Privatgebrauch verschrieben, die den strengsten Vorschriften der Europ\u00e4ischen Union gen\u00fcgen. Unser Fokus auf exzellente Herstellung, Umweltverantwortung und ethische Beschaffung stellt sicher, dass wir unseren Partnern erstklassige L\u00f6sungen f\u00fcr Einweggeschirr anbieten, die den sich entwickelnden Anforderungen umweltbewusster Verbraucher gerecht werden.<\/p>\t\t\t\t\t\t\t\t<\/div>\n\t\t\t\t<\/div>\n\t\t\t\t<div class=\"elementor-element elementor-element-7e0e94b elementor-mobile-align-center elementor-invisible elementor-widget elementor-widget-button\" data-id=\"7e0e94b\" data-element_type=\"widget\" data-e-type=\"widget\" data-settings=\"{&quot;_animation&quot;:&quot;fadeInUp&quot;,&quot;_animation_delay&quot;:&quot;240&quot;}\" data-widget_type=\"button.default\">\n\t\t\t\t<div class=\"elementor-widget-container\">\n\t\t\t\t\t\t\t\t\t<div class=\"elementor-button-wrapper\">\n\t\t\t\t\t<a class=\"elementor-button elementor-button-link elementor-size-sm\" href=\"\/de\/products\/\">\n\t\t\t\t\t\t<span class=\"elementor-button-content-wrapper\">\n\t\t\t\t\t\t\t\t\t<span class=\"elementor-button-text\">Produkte<\/span>\n\t\t\t\t\t<\/span>\n\t\t\t\t\t<\/a>\n\t\t\t\t<\/div>\n\t\t\t\t\t\t\t\t<\/div>\n\t\t\t\t<\/div>\n\t\t\t\t\t<\/div>\n\t\t<\/div>\n\t\t\t\t<div class=\"elementor-column elementor-col-50 elementor-top-column elementor-element elementor-element-5a75072\" data-id=\"5a75072\" data-element_type=\"column\" data-e-type=\"column\">\n\t\t\t<div class=\"elementor-widget-wrap elementor-element-populated\">\n\t\t\t\t\t\t<div class=\"elementor-element elementor-element-631856a elementor-widget elementor-widget-heading\" data-id=\"631856a\" data-element_type=\"widget\" data-e-type=\"widget\" data-widget_type=\"heading.default\">\n\t\t\t\t<div class=\"elementor-widget-container\">\n\t\t\t\t\t<h4 class=\"elementor-heading-title elementor-size-default\">Um unsere Qualit\u00e4tsstandards aufrechtzuerhalten, wenden wir die folgenden Grunds\u00e4tze an:<\/h4>\t\t\t\t<\/div>\n\t\t\t\t<\/div>\n\t\t\t\t<div class=\"elementor-element elementor-element-a0c3690 ui-e-connector-line-yes ui-e-icon-left ui-e-left elementor-align-left elementor-invisible elementor-widget elementor-widget-uicore-icon-list\" data-id=\"a0c3690\" data-element_type=\"widget\" data-e-type=\"widget\" data-settings=\"{&quot;_animation&quot;:&quot;fadeInUp&quot;,&quot;_animation_delay&quot;:&quot;400&quot;}\" data-widget_type=\"uicore-icon-list.default\">\n\t\t\t\t<div class=\"elementor-widget-container\">\n\t\t\t\t\t        <ul>\n                            <li >\n\n                    <div class=\"ui-e-wrap\">\n                    \n                    \n                    <div class=\"ui-e-content\">\n                        <h3 class=\"ui-e-title\">\n                            Nachhaltige und verantwortungsvolle Beschaffung                        <\/h3>\n                        <p class=\"ui-e-text\"> Wir bevorzugen FSC-zertifizierte Rohstoffe, um sicherzustellen, dass unsere Pappteller aus verantwortungsvoll bewirtschafteten W\u00e4ldern stammen, die die Artenvielfalt und den Umweltschutz f\u00f6rdern. <\/p>\n                    <\/div>\n\n                                            <div class=\"ui-e-icon\">\n                            <svg aria-hidden=\"true\" class=\"e-font-icon-svg e-fas-circle\" viewbox=\"0 0 512 512\" xmlns=\"http:\/\/www.w3.org\/2000\/svg\"><path d=\"M256 8C119 8 8 119 8 256s111 248 248 248 248-111 248-248S393 8 256 8z\"><\/path><\/svg>                        <\/div>\n                    \n                    <\/div>\n                <\/li>\n                            <li >\n\n                    <div class=\"ui-e-wrap\">\n                    \n                    \n                    <div class=\"ui-e-content\">\n                        <h3 class=\"ui-e-title\">\n                            Einhaltung ethischer und sozialer Grunds\u00e4tze                        <\/h3>\n                        <p class=\"ui-e-text\"> Im Rahmen unseres Engagements f\u00fcr faire Arbeitspraktiken und unternehmerische Verantwortung halten wir uns an die Sedex-Standards (Supplier Ethical Data Exchange). Dies gew\u00e4hrleistet eine ethische Beschaffung, faire Arbeitsbedingungen und Transparenz in unserer gesamten Lieferkette. <\/p>\n                    <\/div>\n\n                                            <div class=\"ui-e-icon\">\n                            <svg aria-hidden=\"true\" class=\"e-font-icon-svg e-fas-circle\" viewbox=\"0 0 512 512\" xmlns=\"http:\/\/www.w3.org\/2000\/svg\"><path d=\"M256 8C119 8 8 119 8 256s111 248 248 248 248-111 248-248S393 8 256 8z\"><\/path><\/svg>                        <\/div>\n                    \n                    <\/div>\n                <\/li>\n                            <li >\n\n                    <div class=\"ui-e-wrap\">\n                    \n                    \n                    <div class=\"ui-e-content\">\n                        <h3 class=\"ui-e-title\">\n                            Einhaltung von Vorschriften und Sicherheit                        <\/h3>\n                        <p class=\"ui-e-text\"> Unsere Produkte werden nach den strengen EU-Vorschriften f\u00fcr Lebensmittelsicherheit und Umweltschutz hergestellt, so dass jeder von uns hergestellte Pappteller sicher, haltbar und umweltfreundlich ist. <\/p>\n                    <\/div>\n\n                                            <div class=\"ui-e-icon\">\n                            <svg aria-hidden=\"true\" class=\"e-font-icon-svg e-fas-circle\" viewbox=\"0 0 512 512\" xmlns=\"http:\/\/www.w3.org\/2000\/svg\"><path d=\"M256 8C119 8 8 119 8 256s111 248 248 248 248-111 248-248S393 8 256 8z\"><\/path><\/svg>                        <\/div>\n                    \n                    <\/div>\n                <\/li>\n                            <li >\n\n                    <div class=\"ui-e-wrap\">\n                    \n                    \n                    <div class=\"ui-e-content\">\n                        <h3 class=\"ui-e-title\">\n                            Innovation und kontinuierliche Verbesserung                        <\/h3>\n                        <p class=\"ui-e-text\"> Wir investieren kontinuierlich in fortschrittliche Fertigungstechniken und nachhaltige Produktionsverfahren, die es uns erm\u00f6glichen, qualitativ hochwertige, funktionale und \u00e4sthetisch ansprechende Pappteller herzustellen, die den unterschiedlichsten Marktanforderungen gerecht werden. <\/p>\n                    <\/div>\n\n                                            <div class=\"ui-e-icon\">\n                            <svg aria-hidden=\"true\" class=\"e-font-icon-svg e-fas-circle\" viewbox=\"0 0 512 512\" xmlns=\"http:\/\/www.w3.org\/2000\/svg\"><path d=\"M256 8C119 8 8 119 8 256s111 248 248 248 248-111 248-248S393 8 256 8z\"><\/path><\/svg>                        <\/div>\n                    \n                    <\/div>\n                <\/li>\n                            <li >\n\n                    <div class=\"ui-e-wrap\">\n                    \n                    \n                    <div class=\"ui-e-content\">\n                        <h3 class=\"ui-e-title\">\n                             Kundenzufriedenheit und Verl\u00e4sslichkeit                        <\/h3>\n                        <p class=\"ui-e-text\"> Wir haben uns zum Ziel gesetzt, der f\u00fchrende Partner f\u00fcr Private-Label-Einweggeschirr zu sein, indem wir ma\u00dfgeschneiderte L\u00f6sungen anbieten, die die Markenidentit\u00e4t st\u00e4rken und gleichzeitig die Nachhaltigkeit f\u00f6rdern. <\/p>\n                    <\/div>\n\n                                            <div class=\"ui-e-icon\">\n                            <svg aria-hidden=\"true\" class=\"e-font-icon-svg e-fas-circle\" viewbox=\"0 0 512 512\" xmlns=\"http:\/\/www.w3.org\/2000\/svg\"><path d=\"M256 8C119 8 8 119 8 256s111 248 248 248 248-111 248-248S393 8 256 8z\"><\/path><\/svg>                        <\/div>\n                    \n                    <\/div>\n                <\/li>\n                    <\/ul>\n\t\t\t\t<\/div>\n\t\t\t\t<\/div>\n\t\t\t\t<div class=\"elementor-element elementor-element-8274ff3 elementor-widget elementor-widget-text-editor\" data-id=\"8274ff3\" data-element_type=\"widget\" data-e-type=\"widget\" data-widget_type=\"text-editor.default\">\n\t\t\t\t<div class=\"elementor-widget-container\">\n\t\t\t\t\t\t\t\t\t<p>Durch die Einhaltung dieser Qualit\u00e4tsverpflichtungen setzt Dk Pack Amb Paz San weiterhin neue Ma\u00dfst\u00e4be in der Papptellerherstellung und gew\u00e4hrleistet ein perfektes Gleichgewicht zwischen Funktionalit\u00e4t, Nachhaltigkeit und ethischer Produktion.<\/p>\t\t\t\t\t\t\t\t<\/div>\n\t\t\t\t<\/div>\n\t\t\t\t\t<\/div>\n\t\t<\/div>\n\t\t\t\t\t<\/div>\n\t\t<\/div>\n\t\t\t\t<\/div>","protected":false},"excerpt":{"rendered":"<p>Quality Commitment At Dk Pack Amb Paz San, we are committed to producing high-quality, sustainable, and innovative private-label paper plates that meet [&hellip;]<\/p>\n","protected":false},"author":1,"featured_media":0,"parent":0,"menu_order":0,"comment_status":"closed","ping_status":"closed","template":"","meta":{"footnotes":""},"class_list":["post-115","page","type-page","status-publish","hentry"],"yoast_head":"<!-- This site is optimized with the Yoast SEO Premium plugin v24.9 (Yoast SEO v27.4) - https:\/\/yoast.com\/product\/yoast-seo-premium-wordpress\/ -->\n<title>Quality Commitment<\/title>\n<meta name=\"robots\" content=\"index, follow, max-snippet:-1, max-image-preview:large, max-video-preview:-1\" \/>\n<link rel=\"canonical\" href=\"https:\/\/www.unifim.com\/quality-commitment\/\" \/>\n<meta property=\"og:locale\" content=\"de_DE\" \/>\n<meta property=\"og:type\" content=\"article\" \/>\n<meta property=\"og:title\" content=\"Quality Commitment\" \/>\n<meta property=\"og:description\" content=\"Quality Commitment At Dk Pack Amb Paz San, we are committed to producing high-quality, sustainable, and innovative private-label paper plates that meet [&hellip;]\" \/>\n<meta property=\"og:url\" content=\"https:\/\/www.unifim.com\/quality-commitment\/\" \/>\n<meta property=\"og:site_name\" content=\"Unifim\" \/>\n<meta property=\"article:modified_time\" content=\"2025-03-15T13:15:31+00:00\" \/>\n<meta name=\"twitter:card\" content=\"summary_large_image\" \/>\n<meta name=\"twitter:label1\" content=\"Gesch\u00e4tzte Lesezeit\" \/>\n\t<meta name=\"twitter:data1\" content=\"1\u00a0Minute\" \/>\n<script type=\"application\/ld+json\" class=\"yoast-schema-graph\">{\"@context\":\"https:\\\/\\\/schema.org\",\"@graph\":[{\"@type\":\"WebPage\",\"@id\":\"https:\\\/\\\/www.unifim.com\\\/quality-commitment\\\/\",\"url\":\"https:\\\/\\\/www.unifim.com\\\/quality-commitment\\\/\",\"name\":\"Quality Commitment\",\"isPartOf\":{\"@id\":\"https:\\\/\\\/www.unifim.com\\\/da\\\/#website\"},\"datePublished\":\"2025-03-15T13:08:19+00:00\",\"dateModified\":\"2025-03-15T13:15:31+00:00\",\"breadcrumb\":{\"@id\":\"https:\\\/\\\/www.unifim.com\\\/quality-commitment\\\/#breadcrumb\"},\"inLanguage\":\"de-CH\",\"potentialAction\":[{\"@type\":\"ReadAction\",\"target\":[\"https:\\\/\\\/www.unifim.com\\\/quality-commitment\\\/\"]}]},{\"@type\":\"BreadcrumbList\",\"@id\":\"https:\\\/\\\/www.unifim.com\\\/quality-commitment\\\/#breadcrumb\",\"itemListElement\":[{\"@type\":\"ListItem\",\"position\":1,\"name\":\"Home\",\"item\":\"https:\\\/\\\/www.unifim.com\\\/da\\\/\"},{\"@type\":\"ListItem\",\"position\":2,\"name\":\"Quality Commitment\"}]},{\"@type\":\"WebSite\",\"@id\":\"https:\\\/\\\/www.unifim.com\\\/da\\\/#website\",\"url\":\"https:\\\/\\\/www.unifim.com\\\/da\\\/\",\"name\":\"Unifim\",\"description\":\"\",\"publisher\":{\"@id\":\"https:\\\/\\\/www.unifim.com\\\/da\\\/#organization\"},\"potentialAction\":[{\"@type\":\"SearchAction\",\"target\":{\"@type\":\"EntryPoint\",\"urlTemplate\":\"https:\\\/\\\/www.unifim.com\\\/da\\\/?s={search_term_string}\"},\"query-input\":{\"@type\":\"PropertyValueSpecification\",\"valueRequired\":true,\"valueName\":\"search_term_string\"}}],\"inLanguage\":\"de-CH\"},{\"@type\":\"Organization\",\"@id\":\"https:\\\/\\\/www.unifim.com\\\/da\\\/#organization\",\"name\":\"Unifim\",\"url\":\"https:\\\/\\\/www.unifim.com\\\/da\\\/\",\"logo\":{\"@type\":\"ImageObject\",\"inLanguage\":\"de-CH\",\"@id\":\"https:\\\/\\\/www.unifim.com\\\/da\\\/#\\\/schema\\\/logo\\\/image\\\/\",\"url\":\"https:\\\/\\\/unifim.com\\\/wp-content\\\/uploads\\\/2025\\\/03\\\/logo-19-scaled.webp\",\"contentUrl\":\"https:\\\/\\\/unifim.com\\\/wp-content\\\/uploads\\\/2025\\\/03\\\/logo-19-scaled.webp\",\"width\":2560,\"height\":634,\"caption\":\"Unifim\"},\"image\":{\"@id\":\"https:\\\/\\\/www.unifim.com\\\/da\\\/#\\\/schema\\\/logo\\\/image\\\/\"}}]}<\/script>\n<!-- \/ Yoast SEO Premium plugin. -->","yoast_head_json":{"title":"Qualit\u00e4tsverpflichtung","robots":{"index":"index","follow":"follow","max-snippet":"max-snippet:-1","max-image-preview":"max-image-preview:large","max-video-preview":"max-video-preview:-1"},"canonical":"https:\/\/www.unifim.com\/quality-commitment\/","og_locale":"de_DE","og_type":"article","og_title":"Quality Commitment","og_description":"Quality Commitment At Dk Pack Amb Paz San, we are committed to producing high-quality, sustainable, and innovative private-label paper plates that meet [&hellip;]","og_url":"https:\/\/www.unifim.com\/quality-commitment\/","og_site_name":"Unifim","article_modified_time":"2025-03-15T13:15:31+00:00","twitter_card":"summary_large_image","twitter_misc":{"Gesch\u00e4tzte Lesezeit":"1\u00a0Minute"},"schema":{"@context":"https:\/\/schema.org","@graph":[{"@type":"WebPage","@id":"https:\/\/www.unifim.com\/quality-commitment\/","url":"https:\/\/www.unifim.com\/quality-commitment\/","name":"Qualit\u00e4tsverpflichtung","isPartOf":{"@id":"https:\/\/www.unifim.com\/da\/#website"},"datePublished":"2025-03-15T13:08:19+00:00","dateModified":"2025-03-15T13:15:31+00:00","breadcrumb":{"@id":"https:\/\/www.unifim.com\/quality-commitment\/#breadcrumb"},"inLanguage":"de-CH","potentialAction":[{"@type":"ReadAction","target":["https:\/\/www.unifim.com\/quality-commitment\/"]}]},{"@type":"BreadcrumbList","@id":"https:\/\/www.unifim.com\/quality-commitment\/#breadcrumb","itemListElement":[{"@type":"ListItem","position":1,"name":"Home","item":"https:\/\/www.unifim.com\/da\/"},{"@type":"ListItem","position":2,"name":"Quality Commitment"}]},{"@type":"WebSite","@id":"https:\/\/www.unifim.com\/da\/#website","url":"https:\/\/www.unifim.com\/da\/","name":"Unifim","description":"","publisher":{"@id":"https:\/\/www.unifim.com\/da\/#organization"},"potentialAction":[{"@type":"SearchAction","target":{"@type":"EntryPoint","urlTemplate":"https:\/\/www.unifim.com\/da\/?s={search_term_string}"},"query-input":{"@type":"PropertyValueSpecification","valueRequired":true,"valueName":"search_term_string"}}],"inLanguage":"de-CH"},{"@type":"Organization","@id":"https:\/\/www.unifim.com\/da\/#organization","name":"Unifim","url":"https:\/\/www.unifim.com\/da\/","logo":{"@type":"ImageObject","inLanguage":"de-CH","@id":"https:\/\/www.unifim.com\/da\/#\/schema\/logo\/image\/","url":"https:\/\/unifim.com\/wp-content\/uploads\/2025\/03\/logo-19-scaled.webp","contentUrl":"https:\/\/unifim.com\/wp-content\/uploads\/2025\/03\/logo-19-scaled.webp","width":2560,"height":634,"caption":"Unifim"},"image":{"@id":"https:\/\/www.unifim.com\/da\/#\/schema\/logo\/image\/"}}]}},"_links":{"self":[{"href":"https:\/\/unifim.com\/de\/wp-json\/wp\/v2\/pages\/115","targetHints":{"allow":["GET"]}}],"collection":[{"href":"https:\/\/unifim.com\/de\/wp-json\/wp\/v2\/pages"}],"about":[{"href":"https:\/\/unifim.com\/de\/wp-json\/wp\/v2\/types\/page"}],"author":[{"embeddable":true,"href":"https:\/\/unifim.com\/de\/wp-json\/wp\/v2\/users\/1"}],"replies":[{"embeddable":true,"href":"https:\/\/unifim.com\/de\/wp-json\/wp\/v2\/comments?post=115"}],"version-history":[{"count":4,"href":"https:\/\/unifim.com\/de\/wp-json\/wp\/v2\/pages\/115\/revisions"}],"predecessor-version":[{"id":120,"href":"https:\/\/unifim.com\/de\/wp-json\/wp\/v2\/pages\/115\/revisions\/120"}],"wp:attachment":[{"href":"https:\/\/unifim.com\/de\/wp-json\/wp\/v2\/media?parent=115"}],"curies":[{"name":"wp","href":"https:\/\/api.w.org\/{rel}","templated":true}]}}